{"id":1957,"date":"2022-03-08T13:25:49","date_gmt":"2022-03-08T13:25:49","guid":{"rendered":"https:\/\/www.chateau-montebello.com\/gather\/events-team\/"},"modified":"2025-10-30T15:12:03","modified_gmt":"2025-10-30T15:12:03","slug":"equipe-evenementielle","status":"publish","type":"page","link":"https:\/\/www.chateau-montebello.com\/fr\/reunions\/equipe-evenementielle\/","title":{"rendered":"\u00c9quipe \u00e9v\u00e9nementielle"},"content":{"rendered":"","protected":false},"excerpt":{"rendered":"","protected":false},"author":1,"featured_media":0,"parent":1948,"menu_order":52,"comment_status":"closed","ping_status":"closed","template":"","meta":{"_acf_changed":false},"class_list":["post-1957","page","type-page","status-publish","hentry"],"acf":[],"aioseo_notices":[],"_links":{"self":[{"href":"https:\/\/www.chateau-montebello.com\/fr\/wp-json\/wp\/v2\/pages\/1957","targetHints":{"allow":["GET"]}}],"collection":[{"href":"https:\/\/www.chateau-montebello.com\/fr\/wp-json\/wp\/v2\/pages"}],"about":[{"href":"https:\/\/www.chateau-montebello.com\/fr\/wp-json\/wp\/v2\/types\/page"}],"author":[{"embeddable":true,"href":"https:\/\/www.chateau-montebello.com\/fr\/wp-json\/wp\/v2\/users\/1"}],"replies":[{"embeddable":true,"href":"https:\/\/www.chateau-montebello.com\/fr\/wp-json\/wp\/v2\/comments?post=1957"}],"version-history":[{"count":9,"href":"https:\/\/www.chateau-montebello.com\/fr\/wp-json\/wp\/v2\/pages\/1957\/revisions"}],"predecessor-version":[{"id":8683,"href":"https:\/\/www.chateau-montebello.com\/fr\/wp-json\/wp\/v2\/pages\/1957\/revisions\/8683"}],"up":[{"embeddable":true,"href":"https:\/\/www.chateau-montebello.com\/fr\/wp-json\/wp\/v2\/pages\/1948"}],"wp:attachment":[{"href":"https:\/\/www.chateau-montebello.com\/fr\/wp-json\/wp\/v2\/media?parent=1957"}],"curies":[{"name":"wp","href":"https:\/\/api.w.org\/{rel}","templated":true}]}}